{"id":13,"date":"2026-04-11T23:07:34","date_gmt":"2026-04-12T02:07:34","guid":{"rendered":"http:\/\/magiasancestrais.com.br\/?page_id=13"},"modified":"2026-04-12T11:55:38","modified_gmt":"2026-04-12T14:55:38","slug":"metodo-magias-ancestrais","status":"publish","type":"page","link":"https:\/\/magiasancestrais.com.br\/","title":{"rendered":"M\u00e9todo Magias Ancestrais"},"content":{"rendered":"\t\t<div data-elementor-type=\"wp-page\" data-elementor-id=\"13\" class=\"elementor elementor-13\">\n\t\t\t\t<div class=\"elementor-element elementor-element-461f28c3 e-flex e-con-boxed e-con e-parent\" data-id=\"461f28c3\" data-element_type=\"container\" data-e-type=\"container\">\n\t\t\t\t\t<div class=\"e-con-inner\">\n\t\t\t\t<div class=\"elementor-element elementor-element-712b375 elementor-widget elementor-widget-text-editor\" data-id=\"712b375\" data-element_type=\"widget\" data-e-type=\"widget\" data-widget_type=\"text-editor.default\">\n\t\t\t\t\t\t\t\t\t\n<p><\/p>\n\n\n\n<p><\/p>\n\t\t\t\t\t\t\t\t<\/div>\n\t\t\t\t\t<\/div>\n\t\t\t\t<\/div>\n\t\t<div class=\"elementor-element elementor-element-5e3f6d3 e-flex e-con-boxed e-con e-parent\" data-id=\"5e3f6d3\" data-element_type=\"container\" data-e-type=\"container\">\n\t\t\t\t\t<div class=\"e-con-inner\">\n\t\t\t\t<div class=\"elementor-element elementor-element-90e6c8f elementor-widget elementor-widget-image\" data-id=\"90e6c8f\" data-element_type=\"widget\" data-e-type=\"widget\" data-widget_type=\"image.default\">\n\t\t\t\t\t\t\t\t\t\t\t\t\t\t\t<img fetchpriority=\"high\" decoding=\"async\" width=\"532\" height=\"197\" src=\"https:\/\/magiasancestrais.com.br\/wp-content\/uploads\/2026\/04\/1.png\" class=\"attachment-1536x1536 size-1536x1536 wp-image-46\" alt=\"\" srcset=\"https:\/\/magiasancestrais.com.br\/wp-content\/uploads\/2026\/04\/1.png 532w, https:\/\/magiasancestrais.com.br\/wp-content\/uploads\/2026\/04\/1-300x111.png 300w\" sizes=\"(max-width: 532px) 100vw, 532px\" \/>\t\t\t\t\t\t\t\t\t\t\t\t\t\t\t<\/div>\n\t\t\t\t<div class=\"elementor-element elementor-element-365badb elementor-widget elementor-widget-heading\" data-id=\"365badb\" data-element_type=\"widget\" data-e-type=\"widget\" data-widget_type=\"heading.default\">\n\t\t\t\t\t<h2 class=\"elementor-heading-title elementor-size-default\"><a href=\"https:\/\/pay.kiwify.com.br\/tojmMZM\">Descubra o Poder das Magias Ancestrais e Transforme Sua Vida<\/a><\/h2>\t\t\t\t<\/div>\n\t\t\t\t<div class=\"elementor-element elementor-element-ef4235d elementor-widget elementor-widget-text-editor\" data-id=\"ef4235d\" data-element_type=\"widget\" data-e-type=\"widget\" data-widget_type=\"text-editor.default\">\n\t\t\t\t\t\t\t\t\t<p>Aprenda rituais simples e poderosos para atrair prote\u00e7\u00e3o, prosperidade e energia positiva, mesmo que voc\u00ea esteja come\u00e7ando do zero.<\/p>\t\t\t\t\t\t\t\t<\/div>\n\t\t\t\t<div class=\"elementor-element elementor-element-72af955 elementor-widget elementor-widget-image\" data-id=\"72af955\" data-element_type=\"widget\" data-e-type=\"widget\" data-widget_type=\"image.default\">\n\t\t\t\t\t\t\t\t\t\t\t\t\t\t\t<img decoding=\"async\" width=\"532\" height=\"197\" src=\"https:\/\/magiasancestrais.com.br\/wp-content\/uploads\/2026\/04\/2.png\" class=\"attachment-1536x1536 size-1536x1536 wp-image-45\" alt=\"\" srcset=\"https:\/\/magiasancestrais.com.br\/wp-content\/uploads\/2026\/04\/2.png 532w, https:\/\/magiasancestrais.com.br\/wp-content\/uploads\/2026\/04\/2-300x111.png 300w\" sizes=\"(max-width: 532px) 100vw, 532px\" \/>\t\t\t\t\t\t\t\t\t\t\t\t\t\t\t<\/div>\n\t\t\t\t<div class=\"elementor-element elementor-element-d17ff09 elementor-align-center elementor-widget elementor-widget-button\" data-id=\"d17ff09\" data-element_type=\"widget\" data-e-type=\"widget\" data-widget_type=\"button.default\">\n\t\t\t\t\t\t\t\t\t\t<a class=\"elementor-button elementor-button-link elementor-size-sm\" href=\"https:\/\/pay.kiwify.com.br\/tojmMZM\">\n\t\t\t\t\t\t<span class=\"elementor-button-content-wrapper\">\n\t\t\t\t\t\t\t\t\t<span class=\"elementor-button-text\">QUERO ACESSAR AGORA<\/span>\n\t\t\t\t\t<\/span>\n\t\t\t\t\t<\/a>\n\t\t\t\t\t\t\t\t<\/div>\n\t\t\t\t<div class=\"elementor-element elementor-element-4206f8a elementor-widget elementor-widget-heading\" data-id=\"4206f8a\" data-element_type=\"widget\" data-e-type=\"widget\" data-widget_type=\"heading.default\">\n\t\t\t\t\t<h2 class=\"elementor-heading-title elementor-size-default\">O que voc\u00ea vai aprender na Magias Ancestrais<\/h2>\t\t\t\t<\/div>\n\t\t\t\t<div class=\"elementor-element elementor-element-f92a20f elementor-widget elementor-widget-image\" data-id=\"f92a20f\" data-element_type=\"widget\" data-e-type=\"widget\" data-widget_type=\"image.default\">\n\t\t\t\t\t\t\t\t\t\t\t\t\t\t\t<img decoding=\"async\" width=\"426\" height=\"158\" src=\"https:\/\/magiasancestrais.com.br\/wp-content\/uploads\/2026\/04\/LOGO-MAGIA-ANCESTRAIS-Banner-horizontal-3.png\" class=\"attachment-large size-large wp-image-32\" alt=\"\" srcset=\"https:\/\/magiasancestrais.com.br\/wp-content\/uploads\/2026\/04\/LOGO-MAGIA-ANCESTRAIS-Banner-horizontal-3.png 426w, https:\/\/magiasancestrais.com.br\/wp-content\/uploads\/2026\/04\/LOGO-MAGIA-ANCESTRAIS-Banner-horizontal-3-300x111.png 300w\" sizes=\"(max-width: 426px) 100vw, 426px\" \/>\t\t\t\t\t\t\t\t\t\t\t\t\t\t\t<\/div>\n\t\t\t\t<div class=\"elementor-element elementor-element-a632cbc elementor-widget elementor-widget-text-editor\" data-id=\"a632cbc\" data-element_type=\"widget\" data-e-type=\"widget\" data-widget_type=\"text-editor.default\">\n\t\t\t\t\t\t\t\t\t<div>\n<ul>\n<li>Tem coisas que n\u00e3o melhoram com esfor\u00e7o\u2026 melhoram quando voc\u00ea limpa sua energia<\/li>\n<li>Se voc\u00ea j\u00e1 tentou de tudo e nada muda, talvez isso seja exatamente o que est\u00e1 faltando<\/li>\n<\/ul>\n<\/div>\t\t\t\t\t\t\t\t<\/div>\n\t\t\t\t<div class=\"elementor-element elementor-element-6f87c88 elementor-widget elementor-widget-text-editor\" data-id=\"6f87c88\" data-element_type=\"widget\" data-e-type=\"widget\" data-widget_type=\"text-editor.default\">\n\t\t\t\t\t\t\t\t\t<ul>\n<li>E-Book Completo<\/li>\n<\/ul>\n<div>\n<div>\n<ul>\n<li>Para o seu Alto Cuidado<\/li>\n<\/ul>\n<\/div>\n<\/div>\t\t\t\t\t\t\t\t<\/div>\n\t\t\t\t<div class=\"elementor-element elementor-element-9969d3b elementor-widget elementor-widget-heading\" data-id=\"9969d3b\" data-element_type=\"widget\" data-e-type=\"widget\" data-widget_type=\"heading.default\">\n\t\t\t\t\t<h2 class=\"elementor-heading-title elementor-size-default\"><a href=\"https:\/\/pay.kiwify.com.br\/tojmMZM\">O guia Magias Ancestrais com Ervas re\u00fane pr\u00e1ticas antigas utilizadas h\u00e1 gera\u00e7\u00f5es.\nSimples. Poderosas. E acess\u00edveis.<\/a><\/h2>\t\t\t\t<\/div>\n\t\t\t\t<div class=\"elementor-element elementor-element-f8f2701 elementor-widget elementor-widget-text-editor\" data-id=\"f8f2701\" data-element_type=\"widget\" data-e-type=\"widget\" data-widget_type=\"text-editor.default\">\n\t\t\t\t\t\t\t\t\t<ul>\n<li class=\"cvGsUA direction-ltr align-start para-style-body\"><span class=\"a_GcMg font-feature-liga-off font-feature-clig-off font-feature-calt-off text-decoration-none text-strikethrough-none\">Essas pr\u00e1ticas s\u00e3o baseadas em conhecimentos ancestrais utilizados h\u00e1 s\u00e9culos.<\/span><\/li>\n<li class=\"cvGsUA direction-ltr align-start para-style-body\"><span class=\"a_GcMg font-feature-liga-off font-feature-clig-off font-feature-calt-off text-decoration-none text-strikethrough-none\">Pessoas ao redor do mundo utilizam essas t\u00e9cnicas para transforma\u00e7\u00e3o energ\u00e9tica.<\/span><\/li>\n<li>Este e-book re\u00fane conhecimentos antigos adaptados para o mundo atual, permitindo que qualquer pessoa utilize pr\u00e1ticas energ\u00e9ticas de forma simples, segura e eficaz.<\/li>\n<\/ul>\t\t\t\t\t\t\t\t<\/div>\n\t\t\t\t<div class=\"elementor-element elementor-element-b7ebd8d elementor-align-center elementor-widget elementor-widget-button\" data-id=\"b7ebd8d\" data-element_type=\"widget\" data-e-type=\"widget\" data-widget_type=\"button.default\">\n\t\t\t\t\t\t\t\t\t\t<a class=\"elementor-button elementor-button-link elementor-size-sm\" href=\"https:\/\/pay.kiwify.com.br\/tojmMZM\">\n\t\t\t\t\t\t<span class=\"elementor-button-content-wrapper\">\n\t\t\t\t\t\t\t\t\t<span class=\"elementor-button-text\">Acessar agora!<\/span>\n\t\t\t\t\t<\/span>\n\t\t\t\t\t<\/a>\n\t\t\t\t\t\t\t\t<\/div>\n\t\t\t\t<div class=\"elementor-element elementor-element-979080d elementor-widget elementor-widget-heading\" data-id=\"979080d\" data-element_type=\"widget\" data-e-type=\"widget\" data-widget_type=\"heading.default\">\n\t\t\t\t\t<h2 class=\"elementor-heading-title elementor-size-default\">Biblioteca Magias Ancestrais<\/h2>\t\t\t\t<\/div>\n\t\t\t\t<div class=\"elementor-element elementor-element-408f49e elementor-widget elementor-widget-text-editor\" data-id=\"408f49e\" data-element_type=\"widget\" data-e-type=\"widget\" data-widget_type=\"text-editor.default\">\n\t\t\t\t\t\t\t\t\t<ul>\n<li class=\"cvGsUA direction-ltr align-start para-style-body\"><span class=\"a_GcMg font-feature-liga-off font-feature-clig-off font-feature-calt-off text-decoration-none text-strikethrough-none\">Essa pode ser a mudan\u00e7a que voc\u00ea estava esperando.<\/span><\/li>\n<li class=\"cvGsUA direction-ltr align-start para-style-body\"><span class=\"a_GcMg font-feature-liga-off font-feature-clig-off font-feature-calt-off text-decoration-none text-strikethrough-none\">Comece hoje.<\/span><\/li>\n<li>\n<div>\n<div>\n<div>\n<p>Acesse agora a Biblioteca Completa de Magias Ancestrais e comece sua mudan\u00e7a hoje<\/p>\n<\/div>\n<\/div>\n<\/div>\n<\/li>\n<\/ul>\t\t\t\t\t\t\t\t<\/div>\n\t\t\t\t<div class=\"elementor-element elementor-element-c3485e3 elementor-widget elementor-widget-image\" data-id=\"c3485e3\" data-element_type=\"widget\" data-e-type=\"widget\" data-widget_type=\"image.default\">\n\t\t\t\t\t\t\t\t\t\t\t\t\t\t\t\t<a href=\"https:\/\/pay.kiwify.com.br\/tojmMZM\">\n\t\t\t\t\t\t\t<img loading=\"lazy\" decoding=\"async\" width=\"426\" height=\"158\" src=\"https:\/\/magiasancestrais.com.br\/wp-content\/uploads\/2026\/04\/LOGO-MAGIA-ANCESTRAIS-Banner-horizontal-4.png\" class=\"attachment-1536x1536 size-1536x1536 wp-image-34\" alt=\"\" srcset=\"https:\/\/magiasancestrais.com.br\/wp-content\/uploads\/2026\/04\/LOGO-MAGIA-ANCESTRAIS-Banner-horizontal-4.png 426w, https:\/\/magiasancestrais.com.br\/wp-content\/uploads\/2026\/04\/LOGO-MAGIA-ANCESTRAIS-Banner-horizontal-4-300x111.png 300w\" sizes=\"(max-width: 426px) 100vw, 426px\" \/>\t\t\t\t\t\t\t\t<\/a>\n\t\t\t\t\t\t\t\t\t\t\t\t\t\t\t<\/div>\n\t\t\t\t<div class=\"elementor-element elementor-element-09f0ba4 elementor-widget elementor-widget-heading\" data-id=\"09f0ba4\" data-element_type=\"widget\" data-e-type=\"widget\" data-widget_type=\"heading.default\">\n\t\t\t\t\t<h2 class=\"elementor-heading-title elementor-size-default\">N\u00e3o perca a oportunidade de transformar sua energia e sua vida com conhecimentos ancestrais poderosos.<\/h2>\t\t\t\t<\/div>\n\t\t\t\t<div class=\"elementor-element elementor-element-a85785b elementor-widget elementor-widget-image\" data-id=\"a85785b\" data-element_type=\"widget\" data-e-type=\"widget\" data-widget_type=\"image.default\">\n\t\t\t\t\t\t\t\t\t\t\t\t\t\t\t<img loading=\"lazy\" decoding=\"async\" width=\"426\" height=\"158\" src=\"https:\/\/magiasancestrais.com.br\/wp-content\/uploads\/2026\/04\/LOGO-MAGIA-ANCESTRAIS-Banner-horizontal-5.png\" class=\"attachment-large size-large wp-image-38\" alt=\"\" srcset=\"https:\/\/magiasancestrais.com.br\/wp-content\/uploads\/2026\/04\/LOGO-MAGIA-ANCESTRAIS-Banner-horizontal-5.png 426w, https:\/\/magiasancestrais.com.br\/wp-content\/uploads\/2026\/04\/LOGO-MAGIA-ANCESTRAIS-Banner-horizontal-5-300x111.png 300w\" sizes=\"(max-width: 426px) 100vw, 426px\" \/>\t\t\t\t\t\t\t\t\t\t\t\t\t\t\t<\/div>\n\t\t\t\t<div class=\"elementor-element elementor-element-0c7b912 elementor-align-center elementor-widget elementor-widget-button\" data-id=\"0c7b912\" data-element_type=\"widget\" data-e-type=\"widget\" data-widget_type=\"button.default\">\n\t\t\t\t\t\t\t\t\t\t<a class=\"elementor-button elementor-button-link elementor-size-sm\" href=\"https:\/\/pay.kiwify.com.br\/tojmMZM\">\n\t\t\t\t\t\t<span class=\"elementor-button-content-wrapper\">\n\t\t\t\t\t\t\t\t\t<span class=\"elementor-button-text\">QUERO COME\u00c7AR AGORA<\/span>\n\t\t\t\t\t<\/span>\n\t\t\t\t\t<\/a>\n\t\t\t\t\t\t\t\t<\/div>\n\t\t\t\t<div class=\"elementor-element elementor-element-4aa0870 elementor-widget elementor-widget-image\" data-id=\"4aa0870\" data-element_type=\"widget\" data-e-type=\"widget\" data-widget_type=\"image.default\">\n\t\t\t\t\t\t\t\t\t\t\t\t\t\t\t<img loading=\"lazy\" decoding=\"async\" width=\"532\" height=\"197\" src=\"https:\/\/magiasancestrais.com.br\/wp-content\/uploads\/2026\/04\/4.png\" class=\"attachment-large size-large wp-image-44\" alt=\"\" srcset=\"https:\/\/magiasancestrais.com.br\/wp-content\/uploads\/2026\/04\/4.png 532w, https:\/\/magiasancestrais.com.br\/wp-content\/uploads\/2026\/04\/4-300x111.png 300w\" sizes=\"(max-width: 532px) 100vw, 532px\" \/>\t\t\t\t\t\t\t\t\t\t\t\t\t\t\t<\/div>\n\t\t\t\t\t<\/div>\n\t\t\t\t<\/div>\n\t\t\t\t<\/div>\n\t\t","protected":false},"excerpt":{"rendered":"<p>Descubra o Poder das Magias Ancestrais e Transforme Sua Vida Aprenda rituais simples e poderosos para atrair prote\u00e7\u00e3o, prosperidade e energia positiva, mesmo que voc\u00ea esteja come\u00e7ando do zero. QUERO ACESSAR AGORA O que voc\u00ea vai aprender na Magias Ancestrais Tem coisas que n\u00e3o melhoram com esfor\u00e7o\u2026 melhoram quando voc\u00ea limpa sua energia Se voc\u00ea [&hellip;]<\/p>\n","protected":false},"author":1,"featured_media":0,"parent":0,"menu_order":0,"comment_status":"closed","ping_status":"closed","template":"elementor_canvas","meta":{"footnotes":""},"class_list":["post-13","page","type-page","status-publish","hentry"],"_links":{"self":[{"href":"https:\/\/magiasancestrais.com.br\/index.php?rest_route=\/wp\/v2\/pages\/13","targetHints":{"allow":["GET"]}}],"collection":[{"href":"https:\/\/magiasancestrais.com.br\/index.php?rest_route=\/wp\/v2\/pages"}],"about":[{"href":"https:\/\/magiasancestrais.com.br\/index.php?rest_route=\/wp\/v2\/types\/page"}],"author":[{"embeddable":true,"href":"https:\/\/magiasancestrais.com.br\/index.php?rest_route=\/wp\/v2\/users\/1"}],"replies":[{"embeddable":true,"href":"https:\/\/magiasancestrais.com.br\/index.php?rest_route=%2Fwp%2Fv2%2Fcomments&post=13"}],"version-history":[{"count":26,"href":"https:\/\/magiasancestrais.com.br\/index.php?rest_route=\/wp\/v2\/pages\/13\/revisions"}],"predecessor-version":[{"id":56,"href":"https:\/\/magiasancestrais.com.br\/index.php?rest_route=\/wp\/v2\/pages\/13\/revisions\/56"}],"wp:attachment":[{"href":"https:\/\/magiasancestrais.com.br\/index.php?rest_route=%2Fwp%2Fv2%2Fmedia&parent=13"}],"curies":[{"name":"wp","href":"https:\/\/api.w.org\/{rel}","templated":true}]}}